{"id":139,"date":"2019-05-18T00:21:15","date_gmt":"2019-05-17T22:21:15","guid":{"rendered":"https:\/\/isladetierrabomba.com\/n\/?page_id=139"},"modified":"2019-07-10T12:05:56","modified_gmt":"2019-07-10T17:05:56","slug":"historia","status":"publish","type":"page","link":"https:\/\/isladetierrabomba.com\/n\/historia\/","title":{"rendered":"Historia"},"content":{"rendered":"<p>[et_pb_section fb_built=\u00bb1&#8243; _builder_version=\u00bb3.23.3&#8243; background_color=\u00bb#4782ff\u00bb custom_padding=\u00bb0px||0px|||\u00bb][et_pb_row custom_padding=\u00bb16px|10px|6px|28px||\u00bb custom_margin=\u00bb|auto|5px|auto||\u00bb _builder_version=\u00bb3.23.3&#8243; background_color=\u00bbrgba(2,122,22,0.4)\u00bb width=\u00bb100%\u00bb max_width=\u00bb1544px\u00bb min_height=\u00bb61px\u00bb][et_pb_column type=\u00bb1_6&#8243; _builder_version=\u00bb3.22.2&#8243;][et_pb_blurb title=\u00bbHistoria\u00bb image=\u00bbhttps:\/\/isladetierrabomba.com\/n\/wp-content\/uploads\/historia.png\u00bb icon_placement=\u00bbleft\u00bb _builder_version=\u00bb3.23.3&#8243; header_font=\u00bb||||||||\u00bb header_text_color=\u00bb#ffffff\u00bb text_orientation=\u00bbcenter\u00bb link_option_url=\u00bb\/n\/historia\/\u00bb][\/et_pb_blurb][\/et_pb_column][et_pb_column type=\u00bb1_6&#8243; _builder_version=\u00bb3.22.2&#8243;][et_pb_blurb title=\u00bbGeopol\u00edtica\u00bb url=\u00bbhttps:\/\/isladetierrabomba.com\/n\/geopolitica\/\u00bb image=\u00bbhttps:\/\/isladetierrabomba.com\/n\/wp-content\/uploads\/geopolitica.png\u00bb icon_placement=\u00bbleft\u00bb _builder_version=\u00bb3.23.3&#8243; header_font=\u00bb||||||||\u00bb header_text_color=\u00bb#ffffff\u00bb text_orientation=\u00bbcenter\u00bb][\/et_pb_blurb][\/et_pb_column][et_pb_column type=\u00bb1_6&#8243; _builder_version=\u00bb3.22.2&#8243;][et_pb_blurb title=\u00bbTurismo\u00bb url=\u00bbhttps:\/\/isladetierrabomba.com\/n\/turismo\/\u00bb image=\u00bbhttps:\/\/isladetierrabomba.com\/n\/wp-content\/uploads\/turismo.png\u00bb icon_placement=\u00bbleft\u00bb _builder_version=\u00bb3.23.3&#8243; header_font=\u00bb||||||||\u00bb header_text_color=\u00bb#ffffff\u00bb body_font=\u00bb||||||||\u00bb body_text_color=\u00bb#ffffff\u00bb text_orientation=\u00bbcenter\u00bb][\/et_pb_blurb][\/et_pb_column][et_pb_column type=\u00bb1_6&#8243; _builder_version=\u00bb3.22.2&#8243;][et_pb_blurb title=\u00bbArqueolog\u00eda\u00bb url=\u00bbhttps:\/\/isladetierrabomba.com\/n\/arqueologia\u00bb image=\u00bbhttps:\/\/isladetierrabomba.com\/n\/wp-content\/uploads\/arqueologia3.png\u00bb icon_placement=\u00bbleft\u00bb _builder_version=\u00bb3.23.3&#8243; header_font=\u00bb||||||||\u00bb header_text_color=\u00bb#ffffff\u00bb text_orientation=\u00bbcenter\u00bb custom_margin=\u00bb||-20px|||\u00bb][\/et_pb_blurb][\/et_pb_column][et_pb_column type=\u00bb1_6&#8243; _builder_version=\u00bb3.22.2&#8243;][et_pb_blurb title=\u00bbTiendas\u00bb image=\u00bbhttps:\/\/isladetierrabomba.com\/n\/wp-content\/uploads\/tiendas.png\u00bb icon_placement=\u00bbleft\u00bb _builder_version=\u00bb3.23.3&#8243; header_font=\u00bb||||||||\u00bb header_text_color=\u00bb#ffffff\u00bb text_orientation=\u00bbcenter\u00bb][\/et_pb_blurb][\/et_pb_column][et_pb_column type=\u00bb1_6&#8243; _builder_version=\u00bb3.22.2&#8243;][et_pb_blurb title=\u00bbNegocios\u00bb image=\u00bbhttps:\/\/isladetierrabomba.com\/n\/wp-content\/uploads\/negocios.png\u00bb icon_placement=\u00bbleft\u00bb _builder_version=\u00bb3.23.3&#8243; header_font=\u00bb||||||||\u00bb header_text_color=\u00bb#ffffff\u00bb text_orientation=\u00bbcenter\u00bb][\/et_pb_blurb][\/et_pb_column][\/et_pb_row][\/et_pb_section][et_pb_section fb_built=\u00bb1&#8243; _builder_version=\u00bb3.23.3&#8243; background_color=\u00bbrgba(15,15,15,0.6)\u00bb background_image=\u00bbhttps:\/\/isladetierrabomba.com\/n\/wp-content\/uploads\/tierra-bomba-3.jpg\u00bb background_blend=\u00bbdarken\u00bb width=\u00bb100%\u00bb min_height=\u00bb71px\u00bb custom_margin=\u00bb-5px|0px||0px||true\u00bb custom_padding=\u00bb36px|0px|49px|0px||true\u00bb][et_pb_row custom_padding=\u00bb||0px|||\u00bb _builder_version=\u00bb3.22.7&#8243; width=\u00bb100%\u00bb min_height=\u00bb37px\u00bb][et_pb_column type=\u00bb4_4&#8243; _builder_version=\u00bb3.22.7&#8243;][et_pb_text _builder_version=\u00bb3.23.3&#8243; text_font=\u00bb||||||||\u00bb header_font=\u00bb||||||||\u00bb header_text_color=\u00bb#ffffff\u00bb header_2_font=\u00bb|600|||||||\u00bb header_2_text_align=\u00bbcenter\u00bb header_2_text_color=\u00bb#ffffff\u00bb custom_margin=\u00bb||0px\u00bb]<\/p>\n<h2>HISTORIA<\/h2>\n<p>[\/et_pb_text][et_pb_divider color=\u00bb#ffffff\u00bb divider_weight=\u00bb2px\u00bb _builder_version=\u00bb3.22.7&#8243; width=\u00bb16%\u00bb module_alignment=\u00bbcenter\u00bb custom_margin=\u00bb0px||0px||true\u00bb custom_padding=\u00bb0px||0px||true\u00bb][\/et_pb_divider][\/et_pb_column][\/et_pb_row][\/et_pb_section][et_pb_section fb_built=\u00bb1&#8243; _builder_version=\u00bb3.23.3&#8243;][et_pb_row _builder_version=\u00bb3.23.3&#8243;][et_pb_column type=\u00bb1_2&#8243; _builder_version=\u00bb3.23.3&#8243;][et_pb_text _builder_version=\u00bb3.23.3&#8243; custom_margin=\u00bb|-113px||||\u00bb]<\/p>\n<p style=\"text-align: justify;\"><span>Tierra Bomba es una peque\u00f1a isla a 45 minutos de la capital de Bol\u00edvar, donde est\u00e1n ubicados el Fuerte de San Fernando de Bocachica y las bater\u00edas de \u00c1ngel San Rafael y Santa B\u00e1rbara, que datan de la \u00e9poca colonial.<\/span><\/p>\n<p style=\"text-align: justify;\"><span style=\"font-size: 14px;\">El fuerte de San Fernando de Bocachica es una fortificaci\u00f3n que fue propuesta por el ingeniero Mac Evan y bien recibida por la Corona en 1752, tras la muerte de Evan, El capit\u00e1n Antonio Ar\u00e9valo di\u00f3 inicio a sus obras el 12 de Marzo de 1753 a\u00f1adiendo modificaciones que fueron planteadas por el entonces recientemente nombrado Ingeniero Director: Lorenzo de Sol\u00eds, El fuerte de San Fernando, llamado as\u00ed en honor a su contempor\u00e1neo el monarca Fernando VI, vi\u00f3 su construcci\u00f3n culminada en 1759. Esta tiene forma de herradura hacia el mar y dos grandes baluartes en el frente norte, que son conocidos como Rey y Reina.<\/span><\/p>\n<p style=\"text-align: justify;\"><span>El Baluarte del Rey contiene 13 ca\u00f1ones, aljibe, tendal y garita. El Baluarte la Reina, que tiene un tama\u00f1o m\u00e1s peque\u00f1o, tiene 8 ca\u00f1ones para defender el castillo de un ataque terrestre, y as\u00ed como el Baluarte del rey tiene un aljibe y una garita.\u00a0<\/span><\/p>\n<p style=\"text-align: justify;\"><span>En 1760 se realizan varias mejoras al fuerte, por considerar que era algo d\u00e9bil frente a ataques terrestres, el ingeniero Ar\u00e9valo incluye en la fortificaci\u00f3n algunas b\u00f3vedas, almacenes, galer\u00edas, contraminas y fogatas; para producir voladoras controladas en caso de ataque; adem\u00e1s de las bater\u00edas de Santiago y la de San Juan Francisco Regis.<\/span><\/p>\n<p style=\"text-align: justify;\"><span>A principios del siglo XIX, durante la liberaci\u00f3n de la corona espa\u00f1ola, el San Fernando se us\u00f3 como prisi\u00f3n de algunos pr\u00f3ceres de la independencia, tras los avances de armamento el fuerte fu\u00e9 dejado al olvido\u2026<\/span><\/p>\n<p style=\"text-align: justify;\"><span>Despu\u00e9s de el acondicionamiento que le realiz\u00f3 la Sociedad de Mejoras P\u00fablicas, San Fernando de Bocachica logra divisarse imponente sobre la bah\u00eda, cargando consigo incontables huellas de la \u00e9poca colonial, de la historia de Cartagena.<\/span><\/p>\n<p style=\"text-align: justify;\"><span>Adem\u00e1s, tiene una vista privilegiada sobre el cerro, donde est\u00e1 la Bater\u00eda del \u00c1ngel San Rafael, compuesta por una media luna irregular y rodeada de un profundo foso seco, una casa, un tendal, una garita, un aljibe y la antigua cocina de la guarnici\u00f3n.<\/span><\/p>\n<p style=\"text-align: justify;\"><span>Fue construida con el objetivo de evitar que el enemigo llegara a tomarse el cerro y por eso tambi\u00e9n cuenta con un t\u00fanel de 600 metros de largo, cuatro metros bajo tierra, que la conecta con la Bater\u00eda de Santa B\u00e1rbara. En esta \u00faltima se pueden visitar las habitaciones de las tropas, el cuerpo de guardia y un almac\u00e9n para p\u00f3lvora.<\/span><\/p>\n<p style=\"text-align: justify;\"><span>Que m\u00e1s que admirar la imponencia de esta imprescindible fortificaci\u00f3n cartagenera y apreciar la majestuosidad de la bella isla en la que se encuentra, una con territorio f\u00e9rtil en su mayor\u00eda virgen, poder disfrutar de sus playas y vista mientras camina por la arena y se ba\u00f1a con la danza interminable del mar, Bienvenido sea a nuestra Isla, una tierra llena de colores y olor a felicidad, su tierra:\u00a0 Tierra Bomba.<\/span><\/p>\n<p>[\/et_pb_text][\/et_pb_column][et_pb_column type=\u00bb1_2&#8243; _builder_version=\u00bb3.23.3&#8243;][et_pb_text _builder_version=\u00bb3.23.3&#8243; text_font=\u00bb||||||||\u00bb text_text_align=\u00bbcenter\u00bb width=\u00bb86.7%\u00bb min_height=\u00bb543px\u00bb custom_margin=\u00bb||-8px|71px||\u00bb custom_padding=\u00bb0px|6px||0px||\u00bb locked=\u00bboff\u00bb]<\/p>\n<table style=\"margin-left: auto; margin-right: auto;\">\n<tbody>\n<tr style=\"height: 25px;\">\n<td style=\"width: 149px; height: 25px;\"><b>Localizaci\u00f3n<\/b><\/td>\n<\/tr>\n<\/tbody>\n<tbody>\n<tr style=\"height: 24px;\">\n<td style=\"width: 149px; height: 24px;\"><b>Pa\u00eds\u00a0:<\/b><\/td>\n<td style=\"width: 292px; height: 24px;\"><a href=\"http:\/\/es.wikipedia.org\/wiki\/Colombia\">Colombia<\/a><\/td>\n<\/tr>\n<tr style=\"height: 24px;\">\n<td style=\"width: 149px; height: 24px;\"><b>Departamento:<\/b><\/td>\n<td style=\"width: 292px; height: 24px;\"><a href=\"http:\/\/es.wikipedia.org\/wiki\/Bol%C3%ADvar_(Colombia)\">Bol\u00edvar<\/a><\/td>\n<\/tr>\n<tr style=\"height: 24px;\">\n<td style=\"width: 149px; height: 24px;\"><b>Mar:<\/b><\/td>\n<td style=\"width: 292px; height: 24px;\"><a href=\"http:\/\/es.wikipedia.org\/wiki\/Mar_Caribe\">Caribe<\/a><\/td>\n<\/tr>\n<tr style=\"height: 24px;\">\n<td style=\"width: 149px; height: 24px;\"><b>Coordenadas:<\/b><\/td>\n<td style=\"width: 292px; height: 24px;\"><a href=\"http:\/\/toolserver.org\/~geohack\/geohack.php?pagename=Isla_Tierra_Bomba&amp;language=es&amp;params=10_21_N_75_34_W_\">10\u00b021\u2032N 75\u00b034\u2032O \/ 10.35, -75.567<\/a><\/td>\n<\/tr>\n<tr style=\"height: 24px;\">\n<td style=\"width: 149px; height: 24px;\"><b>Coordenadas:<\/b><\/td>\n<td style=\"width: 292px; height: 24px;\"><a href=\"http:\/\/toolserver.org\/~geohack\/geohack.php?pagename=Isla_Tierra_Bomba&amp;language=es&amp;params=10_21_N_75_34_W_\">10\u00b021\u2032N 75\u00b034\u2032O \/ 10.35, -75.567<\/a> (<a href=\"http:\/\/es.wikipedia.org\/wiki\/Isla_Tierra_Bomba\">mapa<\/a>)<\/td>\n<\/tr>\n<tr style=\"height: 24px;\">\n<td style=\"width: 149px; height: 24px;\"><b>Geograf\u00eda:<\/b><\/td>\n<td style=\"width: 292px; height: 24px;\"><\/td>\n<\/tr>\n<tr style=\"height: 24px;\">\n<td style=\"width: 149px; height: 24px;\"><b>Geolog\u00eda:<\/b><\/td>\n<td style=\"width: 292px; height: 24px;\"><a href=\"http:\/\/es.wikipedia.org\/wiki\/Coral\">Coralino<\/a><\/td>\n<\/tr>\n<tr style=\"height: 24px;\">\n<td style=\"width: 149px; height: 24px;\"><b>Superficie:<\/b><\/td>\n<td style=\"width: 292px; height: 24px;\">19,8 km\u00b2<\/td>\n<\/tr>\n<tr style=\"height: 24px;\">\n<td style=\"width: 149px; height: 24px;\"><b>Punto m\u00e1s Alto:<\/b><\/td>\n<td style=\"width: 292px; height: 24px;\">20 <a href=\"http:\/\/es.wikipedia.org\/wiki\/Metro\">ms<\/a> en promedio<\/td>\n<\/tr>\n<tr style=\"height: 24px;\">\n<td style=\"width: 149px; height: 24px;\"><b>Distancia a tierra:<\/b><\/td>\n<td style=\"width: 292px; height: 24px;\">1,5 km al suroeste de <a href=\"http:\/\/es.wikipedia.org\/wiki\/Cartagena_de_Indias\">Cartagena de Indias<\/a><\/td>\n<\/tr>\n<tr style=\"height: 24px;\">\n<td style=\"width: 149px; height: 24px;\"><b>Demograf\u00eda:<\/b><\/td>\n<td style=\"width: 292px; height: 24px;\"><\/td>\n<\/tr>\n<tr style=\"height: 24px;\">\n<td style=\"width: 149px; height: 24px;\"><b>Poblaci\u00f3n:<\/b><\/td>\n<td style=\"width: 292px; height: 24px;\">9.000 habitantes<\/td>\n<\/tr>\n<\/tbody>\n<\/table>\n<p>[\/et_pb_text][et_pb_text _builder_version=\u00bb3.23.3&#8243; locked=\u00bboff\u00bb]<\/p>\n<p style=\"text-align: center;\"><span style=\"color: #ff6600;\">\u00a0 \u00a0 \u00a0 \u00a0 \u00a0 \u00a0 \u00a0 \u00a0 \u00a0TIERRA BOMBA ES UNA ISLA CONTINENTAL<\/span><\/p>\n<p>[\/et_pb_text][et_pb_image src=\u00bbhttps:\/\/isladetierrabomba.com\/n\/wp-content\/uploads\/2019\/05\/isla-de-tierra-bomba-vista-satelital.jpg\u00bb show_in_lightbox=\u00bbon\u00bb align_tablet=\u00bbcenter\u00bb align_last_edited=\u00bbon|desktop\u00bb _builder_version=\u00bb3.23.3&#8243; custom_margin=\u00bb|-12px||70px\u00bb custom_padding=\u00bb|11px||||\u00bb locked=\u00bboff\u00bb][\/et_pb_image][\/et_pb_column][\/et_pb_row][\/et_pb_section]<\/p>\n","protected":false},"excerpt":{"rendered":"<p>HISTORIATierra Bomba es una peque\u00f1a isla a 45 minutos de la capital de Bol\u00edvar, donde est\u00e1n ubicados el Fuerte de San Fernando de Bocachica y las bater\u00edas de \u00c1ngel San Rafael y Santa B\u00e1rbara, que datan de la \u00e9poca colonial. El fuerte de San Fernando de Bocachica es una fortificaci\u00f3n que fue propuesta por el [&hellip;]<\/p>\n","protected":false},"author":1,"featured_media":0,"parent":0,"menu_order":0,"comment_status":"closed","ping_status":"closed","template":"","meta":{"_et_pb_use_builder":"on","_et_pb_old_content":"","_et_gb_content_width":"","footnotes":""},"class_list":["post-139","page","type-page","status-publish","hentry"],"_links":{"self":[{"href":"https:\/\/isladetierrabomba.com\/n\/wp-json\/wp\/v2\/pages\/139"}],"collection":[{"href":"https:\/\/isladetierrabomba.com\/n\/wp-json\/wp\/v2\/pages"}],"about":[{"href":"https:\/\/isladetierrabomba.com\/n\/wp-json\/wp\/v2\/types\/page"}],"author":[{"embeddable":true,"href":"https:\/\/isladetierrabomba.com\/n\/wp-json\/wp\/v2\/users\/1"}],"replies":[{"embeddable":true,"href":"https:\/\/isladetierrabomba.com\/n\/wp-json\/wp\/v2\/comments?post=139"}],"version-history":[{"count":19,"href":"https:\/\/isladetierrabomba.com\/n\/wp-json\/wp\/v2\/pages\/139\/revisions"}],"predecessor-version":[{"id":835,"href":"https:\/\/isladetierrabomba.com\/n\/wp-json\/wp\/v2\/pages\/139\/revisions\/835"}],"wp:attachment":[{"href":"https:\/\/isladetierrabomba.com\/n\/wp-json\/wp\/v2\/media?parent=139"}],"curies":[{"name":"wp","href":"https:\/\/api.w.org\/{rel}","templated":true}]}}