{"id":1560,"date":"2019-09-04T11:12:53","date_gmt":"2019-09-04T16:12:53","guid":{"rendered":"https:\/\/isladetierrabomba.com\/n\/?page_id=1560"},"modified":"2019-09-04T12:19:17","modified_gmt":"2019-09-04T17:19:17","slug":"negocios-2","status":"publish","type":"page","link":"https:\/\/isladetierrabomba.com\/n\/negocios-2\/","title":{"rendered":"Negocios"},"content":{"rendered":"<p>[et_pb_section fb_built=\u00bb1&#8243; _builder_version=\u00bb3.23.3&#8243; background_color=\u00bb#4782ff\u00bb custom_padding=\u00bb0px||0px|||\u00bb][et_pb_row custom_padding=\u00bb16px|10px|6px|28px||\u00bb custom_margin=\u00bb|auto|5px|auto||\u00bb _builder_version=\u00bb3.23.3&#8243; background_color=\u00bbrgba(2,122,22,0.4)\u00bb width=\u00bb100%\u00bb max_width=\u00bb1544px\u00bb min_height=\u00bb61px\u00bb][et_pb_column type=\u00bb1_6&#8243; _builder_version=\u00bb3.22.2&#8243;][et_pb_blurb title=\u00bbHistoria\u00bb image=\u00bbhttps:\/\/isladetierrabomba.com\/n\/wp-content\/uploads\/historia.png\u00bb icon_placement=\u00bbleft\u00bb _builder_version=\u00bb3.23.3&#8243; header_font=\u00bb||||||||\u00bb header_text_color=\u00bb#ffffff\u00bb text_orientation=\u00bbcenter\u00bb link_option_url=\u00bb\/n\/historia\/\u00bb][\/et_pb_blurb][\/et_pb_column][et_pb_column type=\u00bb1_6&#8243; _builder_version=\u00bb3.22.2&#8243;][et_pb_blurb title=\u00bbGeopol\u00edtica\u00bb url=\u00bbhttps:\/\/isladetierrabomba.com\/n\/geopolitica\/\u00bb image=\u00bbhttps:\/\/isladetierrabomba.com\/n\/wp-content\/uploads\/geopolitica.png\u00bb icon_placement=\u00bbleft\u00bb _builder_version=\u00bb3.23.3&#8243; header_font=\u00bb||||||||\u00bb header_text_color=\u00bb#ffffff\u00bb text_orientation=\u00bbcenter\u00bb][\/et_pb_blurb][\/et_pb_column][et_pb_column type=\u00bb1_6&#8243; _builder_version=\u00bb3.22.2&#8243;][et_pb_blurb title=\u00bbTurismo\u00bb url=\u00bbhttps:\/\/isladetierrabomba.com\/n\/turismo\/\u00bb image=\u00bbhttps:\/\/isladetierrabomba.com\/n\/wp-content\/uploads\/turismo.png\u00bb icon_placement=\u00bbleft\u00bb _builder_version=\u00bb3.23.3&#8243; header_font=\u00bb||||||||\u00bb header_text_color=\u00bb#ffffff\u00bb body_font=\u00bb||||||||\u00bb body_text_color=\u00bb#ffffff\u00bb text_orientation=\u00bbcenter\u00bb][\/et_pb_blurb][\/et_pb_column][et_pb_column type=\u00bb1_6&#8243; _builder_version=\u00bb3.22.2&#8243;][et_pb_blurb title=\u00bbArqueolog\u00eda\u00bb url=\u00bbhttps:\/\/isladetierrabomba.com\/n\/arqueologia\u00bb image=\u00bbhttps:\/\/isladetierrabomba.com\/n\/wp-content\/uploads\/arqueologia3.png\u00bb icon_placement=\u00bbleft\u00bb _builder_version=\u00bb3.23.3&#8243; header_font=\u00bb||||||||\u00bb header_text_color=\u00bb#ffffff\u00bb text_orientation=\u00bbcenter\u00bb custom_margin=\u00bb||-20px|||\u00bb][\/et_pb_blurb][\/et_pb_column][et_pb_column type=\u00bb1_6&#8243; _builder_version=\u00bb3.22.2&#8243;][et_pb_blurb title=\u00bbTiendas\u00bb image=\u00bbhttps:\/\/isladetierrabomba.com\/n\/wp-content\/uploads\/tiendas.png\u00bb icon_placement=\u00bbleft\u00bb _builder_version=\u00bb3.23.3&#8243; header_font=\u00bb||||||||\u00bb header_text_color=\u00bb#ffffff\u00bb text_orientation=\u00bbcenter\u00bb url=\u00bbhttps:\/\/isladetierrabomba.com\/n\/directorio-comercial\/\u00bb][\/et_pb_blurb][\/et_pb_column][et_pb_column type=\u00bb1_6&#8243; _builder_version=\u00bb3.22.2&#8243;][et_pb_blurb title=\u00bbNegocios\u00bb image=\u00bbhttps:\/\/isladetierrabomba.com\/n\/wp-content\/uploads\/negocios.png\u00bb icon_placement=\u00bbleft\u00bb _builder_version=\u00bb3.23.3&#8243; header_font=\u00bb||||||||\u00bb header_text_color=\u00bb#ffffff\u00bb text_orientation=\u00bbcenter\u00bb][\/et_pb_blurb][\/et_pb_column][\/et_pb_row][\/et_pb_section][et_pb_section fb_built=\u00bb1&#8243; _builder_version=\u00bb3.23.3&#8243; background_color=\u00bbrgba(15,15,15,0.6)\u00bb background_image=\u00bbhttps:\/\/isladetierrabomba.com\/n\/wp-content\/uploads\/tierra-bomba-3.jpg\u00bb background_blend=\u00bbdarken\u00bb width=\u00bb100%\u00bb min_height=\u00bb71px\u00bb custom_margin=\u00bb-5px|0px||0px||true\u00bb custom_padding=\u00bb36px|0px|49px|0px||true\u00bb][et_pb_row custom_padding=\u00bb||0px|||\u00bb _builder_version=\u00bb3.22.7&#8243; width=\u00bb100%\u00bb min_height=\u00bb37px\u00bb][et_pb_column type=\u00bb4_4&#8243; _builder_version=\u00bb3.22.7&#8243;][et_pb_text _builder_version=\u00bb3.23.3&#8243; text_font=\u00bb||||||||\u00bb header_font=\u00bb||||||||\u00bb header_text_color=\u00bb#ffffff\u00bb header_2_font=\u00bb|600|||||||\u00bb header_2_text_align=\u00bbcenter\u00bb header_2_text_color=\u00bb#ffffff\u00bb custom_margin=\u00bb||0px\u00bb]<\/p>\n<h2>NEGOCIOS<\/h2>\n<p>[\/et_pb_text][et_pb_divider color=\u00bb#ffffff\u00bb divider_weight=\u00bb2px\u00bb _builder_version=\u00bb3.22.7&#8243; width=\u00bb16%\u00bb module_alignment=\u00bbcenter\u00bb custom_margin=\u00bb0px||0px||true\u00bb custom_padding=\u00bb0px||0px||true\u00bb][\/et_pb_divider][\/et_pb_column][\/et_pb_row][\/et_pb_section][et_pb_section fb_built=\u00bb1&#8243; _builder_version=\u00bb3.23.3&#8243; min_height=\u00bb1975px\u00bb custom_padding=\u00bb50px|||||\u00bb][et_pb_row _builder_version=\u00bb3.23.3&#8243; min_height=\u00bb984px\u00bb][et_pb_column type=\u00bb4_4&#8243; _builder_version=\u00bb3.23.3&#8243;][et_pb_text _builder_version=\u00bb3.23.3&#8243; min_height=\u00bb945px\u00bb custom_padding=\u00bb||0px|||\u00bb]<\/p>\n<h3 style=\"text-align: center;\"><strong>VENTAJAS DE INVERTIR EN COLOMBIA<\/strong><\/h3>\n<p><strong><\/strong><\/p>\n<p><strong><\/strong><\/p>\n<p style=\"text-align: justify;\"><span style=\"font-weight: 400;\">Las calificadoras de riesgo mundial, Standard and Poor<\/span><span style=\"font-weight: 400;\">\u2019<\/span><span style=\"font-weight: 400;\">s, Moody<\/span><span style=\"font-weight: 400;\">\u2019<\/span><span style=\"font-weight: 400;\">s y Fitch, dan garant<\/span><span style=\"font-weight: 400;\">\u00ed<\/span><span style=\"font-weight: 400;\">a de Colombia como un pa<\/span><span style=\"font-weight: 400;\">\u00ed<\/span><span style=\"font-weight: 400;\">s seguro para invertir, asign<\/span><span style=\"font-weight: 400;\">\u00e1<\/span><span style=\"font-weight: 400;\">ndole al pa<\/span><span style=\"font-weight: 400;\">\u00ed<\/span><span style=\"font-weight: 400;\">s el grado de inversi<\/span><span style=\"font-weight: 400;\">\u00f3<\/span><span style=\"font-weight: 400;\">n, d<\/span><span style=\"font-size: 14px;\">e igual forma, el Banco Mundial (Doing Business 2011) clasifica a Colombia entre 183 pa<\/span><span style=\"font-size: 14px;\">\u00ed<\/span><span style=\"font-size: 14px;\">ses como el quinto pa<\/span><span style=\"font-size: 14px;\">\u00ed<\/span><span style=\"font-size: 14px;\">s en el mundo y primero en Latinoam<\/span><span style=\"font-size: 14px;\">\u00e9<\/span><span style=\"font-size: 14px;\">rica que m<\/span><span style=\"font-size: 14px;\">\u00e1<\/span><span style=\"font-size: 14px;\">s protege al inversionista.<\/span><\/p>\n<p style=\"text-align: justify;\"><span style=\"font-weight: 400;\">De acuerdo al informe realizado por The Independent del Reino Unido, Colombia es uno de los dos nuevos pa<\/span><span style=\"font-weight: 400;\">\u00ed<\/span><span style=\"font-weight: 400;\">ses en Latinoam<\/span><span style=\"font-weight: 400;\">\u00e9<\/span><span style=\"font-weight: 400;\">rica con las mejores expectativas para inversi<\/span><span style=\"font-weight: 400;\">\u00f3<\/span><span style=\"font-weight: 400;\">n y desarrollo,\u00a0\u00a0<\/span><span style=\"font-size: 14px;\">Adem<\/span><span style=\"font-size: 14px;\">\u00e1<\/span><span style=\"font-size: 14px;\">s, es clasificada por el International Institute for Managment Development (IMD), como segundo pa<\/span><span style=\"font-size: 14px;\">\u00ed<\/span><span style=\"font-size: 14px;\">s en Latinoam<\/span><span style=\"font-size: 14px;\">\u00e9<\/span><span style=\"font-size: 14px;\">rica en aspectos como seguridad personal y una buena protecci<\/span><span style=\"font-size: 14px;\">\u00f3<\/span><span style=\"font-size: 14px;\">n de la propiedad privada.\u00a0\u00a0<\/span><span style=\"font-size: 14px;\">Colombia ofrece Contratos de Estabilidad Jur<\/span><span style=\"font-size: 14px;\">\u00ed<\/span><span style=\"font-size: 14px;\">dica que garantiza los proyectos de inversi<\/span><span style=\"font-size: 14px;\">\u00f3<\/span><span style=\"font-size: 14px;\">n, tiene un e<\/span><span style=\"font-size: 14px;\">xcelente desempe<\/span><span style=\"font-size: 14px;\">\u00f1<\/span><span style=\"font-size: 14px;\">o econ<\/span><span style=\"font-size: 14px;\">\u00f3<\/span><span style=\"font-size: 14px;\">mico sostenido que garantiza un entorno empresarial competitivo, e<\/span><span style=\"font-size: 14px;\">n la <\/span><span style=\"font-size: 14px;\">\u00fa<\/span><span style=\"font-size: 14px;\">ltima d<\/span><span style=\"font-size: 14px;\">\u00e9<\/span><span style=\"font-size: 14px;\">cada el crecimiento promedio del PIB en Colombia ha sido significativamente superior al promedio mundial.\u00a0\u00a0<\/span><span style=\"font-size: 14px;\">De acuerdo al informe del HSBC sobre las proyecciones para el 2050, respecto al crecimiento de las econom<\/span><span style=\"font-size: 14px;\">\u00ed<\/span><span style=\"font-size: 14px;\">as del mundo, se\u00a0<\/span>encuentra\u00a0entre las 30 mejores posiciones en la clasificaci<span style=\"font-size: 14px;\">\u00f3<\/span><span style=\"font-size: 14px;\">n.<\/span><\/p>\n<p style=\"text-align: justify;\"><span style=\"font-size: 14px;\"><\/span><\/p>\n<p style=\"text-align: justify;\"><span style=\"font-weight: 400;\"><img loading=\"lazy\" decoding=\"async\" src=\"https:\/\/isladetierrabomba.com\/n\/wp-content\/uploads\/Cartagena_de_Indias_desde_el_cerro_La_Popa-1024x622.jpg\" width=\"1024\" height=\"622\" alt=\"\" class=\"wp-image-1565 aligncenter size-large\" srcset=\"https:\/\/isladetierrabomba.com\/n\/wp-content\/uploads\/Cartagena_de_Indias_desde_el_cerro_La_Popa-1024x622.jpg 1024w, https:\/\/isladetierrabomba.com\/n\/wp-content\/uploads\/Cartagena_de_Indias_desde_el_cerro_La_Popa-300x182.jpg 300w, https:\/\/isladetierrabomba.com\/n\/wp-content\/uploads\/Cartagena_de_Indias_desde_el_cerro_La_Popa-768x466.jpg 768w, https:\/\/isladetierrabomba.com\/n\/wp-content\/uploads\/Cartagena_de_Indias_desde_el_cerro_La_Popa-1080x656.jpg 1080w, https:\/\/isladetierrabomba.com\/n\/wp-content\/uploads\/Cartagena_de_Indias_desde_el_cerro_La_Popa.jpg 2047w\" sizes=\"(max-width: 1024px) 100vw, 1024px\" \/><\/span><\/p>\n<p style=\"text-align: justify;\"><a href=\"https:\/\/es.m.wikipedia.org\/wiki\/Archivo:Cartagena_de_Indias_desde_el_cerro_La_Popa.jpg\"><\/a><span style=\"font-weight: 400;\"><\/span><\/p>\n<p style=\"text-align: justify;\">\n<p>[\/et_pb_text][\/et_pb_column][\/et_pb_row][et_pb_row min_height=\u00bb54px\u00bb _builder_version=\u00bb3.23.3&#8243;][et_pb_column type=\u00bb4_4&#8243; _builder_version=\u00bb3.23.3&#8243;][et_pb_text min_height=\u00bb22px\u00bb _builder_version=\u00bb3.23.3&#8243;]<\/p>\n<h4 style=\"text-align: center;\"><strong>RAZONES PARA INVERTIR EN COLOMBIA<\/strong><\/h4>\n<p>[\/et_pb_text][\/et_pb_column][\/et_pb_row][et_pb_row min_height=\u00bb876px\u00bb _builder_version=\u00bb3.23.3&#8243;][et_pb_column type=\u00bb1_2&#8243; _builder_version=\u00bb3.23.3&#8243;][et_pb_text _builder_version=\u00bb3.23.3&#8243; locked=\u00bboff\u00bb]<\/p>\n<p><strong><\/strong><\/p>\n<p><strong><\/strong><\/p>\n<ul>\n<li style=\"text-align: justify;\"><span>Colombia es el tercer pa\u00eds en t\u00e9rminos de poblaci\u00f3n en Latinoam\u00e9rica con casi 47 millones de habitantes, tiene la 24va poblaci\u00f3n del planeta, y la segunda mayor hispano-parlante en el mundo.Colombia ha duplicado en los <\/span><span>\u00fa<\/span><span>ltimos seis a<\/span><span>\u00f1<\/span><span>os su PIB Per C<\/span><span>\u00e1<\/span><span>pita.<\/span><\/li>\n<li style=\"text-align: justify;\"><span>Ofrece una plataforma exportadora preferencial a 1.500 millones de consumidores<\/span><\/li>\n<li style=\"text-align: justify;\"><span>Colombia adelanta 11 tratados de libre comercio (TLC) con 48 pa<\/span><span>\u00ed<\/span><span>ses, logrando un acceso preferencial a m<\/span><span>\u00e1<\/span><span>s de 1.500 millones de consumidores.<\/span><span><\/span><\/li>\n<li style=\"text-align: justify;\"><span>The Globalization Index 2010 de Ernest and Young ubica a Colombia en el 3er puesto en Latinoam<\/span><span>\u00e9<\/span><span>rica en t<\/span><span>\u00e9<\/span><span>rminos de globalizaci<\/span><span>\u00f3<\/span><span>n, superando asi a econom<\/span><span>\u00ed<\/span><span>as mundiales como Jap<\/span><span>\u00f3<\/span><span>n, Brasil, Rusia e Indonesia.<\/span><\/li>\n<li style=\"text-align: justify;\"><span>Cuenta con 5 puertos de alto calado frente al Pac<\/span><span>\u00ed<\/span><span>fico y Atl<\/span><span>\u00e1<\/span><span>ntico que permiten acceder facilmente a mercados internacionales.<\/span><\/li>\n<li style=\"text-align: justify;\"><span>Ubicaci<\/span><span>\u00f3<\/span><span>n estrat<\/span><span>\u00e9<\/span><span>gica y privilegiada para hacer negocios<\/span><\/li>\n<li style=\"text-align: justify;\"><span>Colombia se ubica en el centro de 5 zonas horarias y comparte la zona horaria con centros de negocios tan importantes como Nueva York, Toronto y Miami.<\/span><\/li>\n<li style=\"text-align: justify;\"><span>Cuenta con los recursos humanos para un <\/span><span>\u00f3<\/span><span>ptimo desempe<\/span><span>\u00f1<\/span><span>o empresarial<\/span><\/li>\n<li style=\"text-align: justify;\"><span>De acuerdo con el International Institute for Managment Development (IMD), Colombia es el segundo pa<\/span><span>\u00ed<\/span><span>s con la mayor disponibilidad de mano de obra calificada, con las relaciones laborales m<\/span><span>\u00e1<\/span><span>s efectivas y la regulaci<\/span><span>\u00f3<\/span><span>n laboral que menos obstaculiza las actividades de negocios en la regi<\/span><span>\u00f3<\/span><span>n.<\/span><\/li>\n<li style=\"text-align: justify;\"><span>Adicionalmente, seg<\/span><span>\u00fa<\/span><span>n un informe del 2009 por parte del PriceWaterHouseCoopers, en Colombia se encuentra la mano de obra m<\/span><span>\u00e1<\/span><span>s productiva de Sur Am<\/span><span>\u00e9<\/span><span>rica.<\/span><\/li>\n<li style=\"text-align: justify;\"><span>Esto refleja en la poblaci<\/span><span>\u00f3<\/span><span>n joven y con talento, que ofrece al mercado laboral 1.656.689 profesionales competitivos.<\/span><\/li>\n<li style=\"text-align: justify;\"><span>Colombia tiene la Infraestructura y conectividad para operaciones de talla mundial ya que<\/span><span>\u00a0cuenta con 5 cables submarinos con un ancho de banda que supera los 550 Gbps.<\/span><\/li>\n<\/ul>\n<p>[\/et_pb_text][\/et_pb_column][et_pb_column type=\u00bb1_2&#8243; _builder_version=\u00bb3.23.3&#8243;][et_pb_text _builder_version=\u00bb3.23.3&#8243; custom_padding=\u00bb||0px|||\u00bb locked=\u00bboff\u00bb]<\/p>\n<p><span><\/span><\/p>\n<ul>\n<li><span>Colombia es un pa<\/span><span>\u00ed<\/span><span>s que exporta energ<\/span><span>\u00ed<\/span><span>a, esto garantiza energ<\/span><span>\u00ed<\/span><span>a interna suficiente para operaciones de gran envergadura.<\/span><\/li>\n<li style=\"text-align: justify;\"><span>Las ciudades principales tienen un 100% de cobertura en fibra <\/span><span>\u00f3<\/span><span>ptica.<\/span><\/li>\n<li style=\"text-align: justify;\"><span>M<\/span><span>\u00fa<\/span><span>ltiples polos de desarrollo con oportunidades diferenciadas para la inversi<\/span><span>\u00f3n.<\/span><\/li>\n<li style=\"text-align: justify;\"><span>Colombia es un pa<\/span><span>\u00ed<\/span><span>s de oportunidades diferenciadas para la inversi<\/span><span>\u00f3<\/span><span>n por su naturaleza de regiones. A diferencia de otros pa<\/span><span>\u00ed<\/span><span>ses latinoamericanos, en Colombia hay 10 ciudades metropolitanas con poblaciones que superan los 500.000 habitantes.<\/span><\/li>\n<li style=\"text-align: justify;\"><span>Gracias a la diversidad de condiciones (clima, flora y fauna, desarrollo, ubicaci<\/span><span>\u00f3<\/span><span>n, etc.), cada regi<\/span><span>\u00f3<\/span><span>n de Colombia ofrece diferentes oportunidades para el desarrollo de los distintos sectores de la industria.<\/span><\/li>\n<li style=\"text-align: justify;\"><span>En Colombia est<\/span><span>\u00e1<\/span><span> la mayor diversidad biol<\/span><span>\u00f3<\/span><span>gica y de pisos t<\/span><span>\u00e9<\/span><span>rmicos.<\/span><\/li>\n<li style=\"text-align: justify;\"><span>Seg<\/span><span>\u00fa<\/span><span>n Earth Trends, Colombia es el primer pa<\/span><span>\u00ed<\/span><span>s con mayor diversidad (plantas, mam<\/span><span>\u00ed<\/span><span>feros y aves) por metro cuadrado.<\/span><\/li>\n<li style=\"text-align: justify;\"><span>En Colombia hay m<\/span><span>\u00e1<\/span><span>s de 50.000 especies vegetales conocidas, 36% de las cuales son end<\/span><span>\u00e9<\/span><span>micas, posicion<\/span><span>\u00e1<\/span><span>ndolo como el segundo pa<\/span><span>\u00ed<\/span><span>s de mayor diversidad flor<\/span><span>\u00ed<\/span><span>stica a nivel mundial.<\/span><\/li>\n<li style=\"text-align: justify;\"><span>Al estar Colombia ubicada en el tr\u00f3pico, cuenta con diversidad de pisos t\u00e9rmicos con alturas sobre el nivel del mar propiciando la existencia de diversos ecosistemas, como bosques naturales, \u00e1reas de sabanas, zonas \u00e1ridas, humedales, picos de nieve.<\/span><\/li>\n<li style=\"text-align: justify;\"><span>Algunas opciones de Finca ra<\/span><span>\u00ed<\/span><span>z relacionadas con lotes y bodegas industriales &#8211; zona franca.<\/span><\/li>\n<li style=\"text-align: justify;\"><span>Colombia se destaca como un pa<\/span><span>\u00ed<\/span><span>s con buena calidad de vida y una cultura abierta y flexible, e<\/span><span>n Colombia existen tres universidades en el top 30 de Latinoam<\/span><span>\u00e9<\/span><span>rica, 26 colegios inscritos al SAT Reasoning Test y 19 al International Baccalaureate Organization (IBO).<\/span><\/li>\n<li style=\"text-align: justify;\"><span>Tiendas de lujo y m<\/span><span>\u00e1<\/span><span>s de 45 campos de golf de 18 hoyos disponibles para jugar todo el a<\/span><span>\u00f1<\/span><span>o. Muchos de estos campos han sido dise<\/span><span>\u00f1<\/span><span>ados por arquitectos como Nicklaus y Mark Mahannah.<\/span><\/li>\n<\/ul>\n<p style=\"text-align: justify;\"><span><\/span><\/p>\n<p>[\/et_pb_text][\/et_pb_column][\/et_pb_row][et_pb_row _builder_version=\u00bb3.23.3&#8243;][et_pb_column type=\u00bb4_4&#8243; _builder_version=\u00bb3.23.3&#8243;][et_pb_text _builder_version=\u00bb3.23.3&#8243;]<\/p>\n<p>Fuente:\u00a0<a href=\"https:\/\/es.m.wikipedia.org\/wiki\/Archivo:Cartagena_de_Indias_desde_el_cerro_La_Popa.jpg\">https:\/\/es.m.wikipedia.org\/wiki\/Archivo:Cartagena_de_Indias_desde_el_cerro_La_Popa.jpg<\/a><\/p>\n<p>[\/et_pb_text][\/et_pb_column][\/et_pb_row][\/et_pb_section]<\/p>\n","protected":false},"excerpt":{"rendered":"<p>NEGOCIOSVENTAJAS DE INVERTIR EN COLOMBIA Las calificadoras de riesgo mundial, Standard and Poor\u2019s, Moody\u2019s y Fitch, dan garant\u00eda de Colombia como un pa\u00eds seguro para invertir, asign\u00e1ndole al pa\u00eds el grado de inversi\u00f3n, de igual forma, el Banco Mundial (Doing Business 2011) clasifica a Colombia entre 183 pa\u00edses como el quinto pa\u00eds en el mundo [&hellip;]<\/p>\n","protected":false},"author":1,"featured_media":0,"parent":0,"menu_order":0,"comment_status":"closed","ping_status":"closed","template":"","meta":{"_et_pb_use_builder":"on","_et_pb_old_content":"","_et_gb_content_width":"","footnotes":""},"class_list":["post-1560","page","type-page","status-publish","hentry"],"_links":{"self":[{"href":"https:\/\/isladetierrabomba.com\/n\/wp-json\/wp\/v2\/pages\/1560"}],"collection":[{"href":"https:\/\/isladetierrabomba.com\/n\/wp-json\/wp\/v2\/pages"}],"about":[{"href":"https:\/\/isladetierrabomba.com\/n\/wp-json\/wp\/v2\/types\/page"}],"author":[{"embeddable":true,"href":"https:\/\/isladetierrabomba.com\/n\/wp-json\/wp\/v2\/users\/1"}],"replies":[{"embeddable":true,"href":"https:\/\/isladetierrabomba.com\/n\/wp-json\/wp\/v2\/comments?post=1560"}],"version-history":[{"count":10,"href":"https:\/\/isladetierrabomba.com\/n\/wp-json\/wp\/v2\/pages\/1560\/revisions"}],"predecessor-version":[{"id":1589,"href":"https:\/\/isladetierrabomba.com\/n\/wp-json\/wp\/v2\/pages\/1560\/revisions\/1589"}],"wp:attachment":[{"href":"https:\/\/isladetierrabomba.com\/n\/wp-json\/wp\/v2\/media?parent=1560"}],"curies":[{"name":"wp","href":"https:\/\/api.w.org\/{rel}","templated":true}]}}