{"id":502,"date":"2019-07-04T07:34:20","date_gmt":"2019-07-04T12:34:20","guid":{"rendered":"https:\/\/isladetierrabomba.com\/n\/?page_id=502"},"modified":"2019-07-15T16:50:00","modified_gmt":"2019-07-15T21:50:00","slug":"mapas","status":"publish","type":"page","link":"https:\/\/isladetierrabomba.com\/n\/mapas\/","title":{"rendered":"Mapas"},"content":{"rendered":"<p>[et_pb_section fb_built=\u00bb1&#8243; _builder_version=\u00bb3.23.3&#8243; background_color=\u00bbrgba(15,15,15,0.6)\u00bb background_image=\u00bbhttps:\/\/isladetierrabomba.com\/n\/wp-content\/uploads\/tierra-bomba-3.jpg\u00bb background_blend=\u00bbdarken\u00bb width=\u00bb100%\u00bb min_height=\u00bb71px\u00bb custom_margin=\u00bb|0px||0px||true\u00bb custom_padding=\u00bb50px|0px|49px|0px||true\u00bb][et_pb_row custom_padding=\u00bb||0px|||\u00bb _builder_version=\u00bb3.22.7&#8243; width=\u00bb100%\u00bb min_height=\u00bb37px\u00bb][et_pb_column type=\u00bb4_4&#8243; _builder_version=\u00bb3.22.7&#8243;][et_pb_text _builder_version=\u00bb3.23.3&#8243; text_font=\u00bb||||||||\u00bb header_font=\u00bb||||||||\u00bb header_text_color=\u00bb#ffffff\u00bb header_2_font=\u00bb|600|||||||\u00bb header_2_text_align=\u00bbcenter\u00bb header_2_text_color=\u00bb#ffffff\u00bb custom_margin=\u00bb||0px\u00bb]<\/p>\n<h2>MAPAS<\/h2>\n<p>[\/et_pb_text][et_pb_divider color=\u00bb#ffffff\u00bb divider_weight=\u00bb2px\u00bb _builder_version=\u00bb3.22.7&#8243; width=\u00bb16%\u00bb module_alignment=\u00bbcenter\u00bb custom_margin=\u00bb0px||0px||true\u00bb custom_padding=\u00bb0px||0px||true\u00bb][\/et_pb_divider][\/et_pb_column][\/et_pb_row][\/et_pb_section][et_pb_section fb_built=\u00bb1&#8243; _builder_version=\u00bb3.23.3&#8243; custom_padding=\u00bb0px||1px|||\u00bb][et_pb_row width=\u00bb95%\u00bb max_width=\u00bb1400px\u00bb _builder_version=\u00bb3.23.3&#8243; module_alignment=\u00bbcenter\u00bb][et_pb_column type=\u00bb1_4&#8243; _builder_version=\u00bb3.23.3&#8243;][et_pb_text _builder_version=\u00bb3.23.3&#8243; header_font=\u00bb||||||||\u00bb header_text_align=\u00bbcenter\u00bb custom_margin=\u00bb||10px|||\u00bb]<\/p>\n<h1>Mapa continental de la isla<\/h1>\n<p>[\/et_pb_text][et_pb_image show_in_lightbox=\u00bbon\u00bb align=\u00bbcenter\u00bb src=\u00bbhttps:\/\/isladetierrabomba.com\/n\/wp-content\/uploads\/2019\/05\/isla-de-tierra-bomba-vista-satelital.jpg\u00bb _builder_version=\u00bb3.23.3&#8243;][\/et_pb_image][\/et_pb_column][et_pb_column type=\u00bb1_4&#8243; _builder_version=\u00bb3.23.3&#8243;][et_pb_text _builder_version=\u00bb3.23.3&#8243; header_font=\u00bb||||||||\u00bb header_text_align=\u00bbcenter\u00bb custom_margin=\u00bb||10px|||\u00bb]<\/p>\n<h1>Mapa Demogr\u00e1fico<\/h1>\n<p>[\/et_pb_text][et_pb_image show_in_lightbox=\u00bbon\u00bb align=\u00bbcenter\u00bb src=\u00bbhttps:\/\/isladetierrabomba.com\/n\/wp-content\/uploads\/mapa-demografico-tierrabomba.png\u00bb _builder_version=\u00bb3.23.3&#8243;][\/et_pb_image][\/et_pb_column][et_pb_column type=\u00bb1_4&#8243; _builder_version=\u00bb3.23.3&#8243;][et_pb_text _builder_version=\u00bb3.23.3&#8243; header_font=\u00bb||||||||\u00bb header_text_align=\u00bbcenter\u00bb custom_margin=\u00bb||10px|||\u00bb]<\/p>\n<h1>Nomenclaturas<\/h1>\n<p>[\/et_pb_text][et_pb_image show_in_lightbox=\u00bbon\u00bb align=\u00bbcenter\u00bb src=\u00bbhttps:\/\/isladetierrabomba.com\/n\/wp-content\/uploads\/mapa-nomenclaturas-tierrabomba.png\u00bb _builder_version=\u00bb3.23.3&#8243;][\/et_pb_image][\/et_pb_column][et_pb_column type=\u00bb1_4&#8243; _builder_version=\u00bb3.23.3&#8243;][et_pb_text _builder_version=\u00bb3.23.3&#8243; header_font=\u00bb||||||||\u00bb header_text_align=\u00bbcenter\u00bb custom_margin=\u00bb||10px|||\u00bb]<\/p>\n<h1>Mapa Catastral de la isla<\/h1>\n<p>[\/et_pb_text][et_pb_image show_in_lightbox=\u00bbon\u00bb align=\u00bbcenter\u00bb src=\u00bbhttps:\/\/isladetierrabomba.com\/n\/wp-content\/uploads\/mapa-catastral.png\u00bb _builder_version=\u00bb3.23.3&#8243;][\/et_pb_image][\/et_pb_column][\/et_pb_row][\/et_pb_section][et_pb_section fb_built=\u00bb1&#8243; _builder_version=\u00bb3.23.3&#8243; custom_padding=\u00bb0px|||||\u00bb][et_pb_row width=\u00bb95%\u00bb max_width=\u00bb1400px\u00bb _builder_version=\u00bb3.23.3&#8243; module_alignment=\u00bbcenter\u00bb][et_pb_column type=\u00bb1_2&#8243; _builder_version=\u00bb3.23.3&#8243;][et_pb_text _builder_version=\u00bb3.23.3&#8243; header_font=\u00bb||||||||\u00bb header_text_align=\u00bbcenter\u00bb custom_margin=\u00bb||10px|||\u00bb]<\/p>\n<h1>Mapa Geogr\u00e1fico de la isla de Tierrabomba<\/h1>\n<p>[\/et_pb_text][et_pb_code _builder_version=\u00bb3.23.3&#8243;]<iframe loading=\"lazy\" src=\"https:\/\/www.google.com\/maps\/embed?pb=!1m18!1m12!1m3!1d31934.581466126452!2d-75.58890404048668!3d10.349908596869618!2m3!1f0!2f0!3f0!3m2!1i1024!2i768!4f13.1!3m3!1m2!1s0x8ef628e5b32be1a3%3A0xe0be65bff4d9d206!2sIsla+de+Tierra+Bomba!5e1!3m2!1ses!2sco!4v1563220192325!5m2!1ses!2sco\" width=\"600\" height=\"450\" frameborder=\"0\" style=\"border:0\" allowfullscreen><\/iframe>[\/et_pb_code][et_pb_text _builder_version=\u00bb3.23.3&#8243; header_font=\u00bb||||||||\u00bb header_text_align=\u00bbcenter\u00bb custom_margin=\u00bb||10px|||\u00bb]<\/p>\n<h1>Visita 3D Bater\u00eda del \u00c1ngel San Rafael<\/h1>\n<p>[\/et_pb_text][et_pb_code _builder_version=\u00bb3.23.3&#8243;]<iframe loading=\"lazy\" src=\"https:\/\/www.google.com\/maps\/embed?pb=!4v1563221376995!6m8!1m7!1s4yAtHntzdOAOytUump1SAQ!2m2!1d10.32908448703756!2d-75.58038351779074!3f263.82701108754077!4f-19.772876602706987!5f0.7820865974627469\" width=\"600\" height=\"450\" frameborder=\"0\" style=\"border:0\" allowfullscreen><\/iframe>[\/et_pb_code][\/et_pb_column][et_pb_column type=\u00bb1_2&#8243; _builder_version=\u00bb3.23.3&#8243;][et_pb_text _builder_version=\u00bb3.23.3&#8243; header_font=\u00bb||||||||\u00bb header_text_align=\u00bbcenter\u00bb custom_margin=\u00bb||10px|||\u00bb]<\/p>\n<h1>Visita 3D al Fuerte San Fernando<\/h1>\n<p>[\/et_pb_text][et_pb_code _builder_version=\u00bb3.23.3&#8243;]<iframe loading=\"lazy\" src=\"https:\/\/www.google.com\/maps\/embed?pb=!4v1563221117001!6m8!1m7!1sKWTHZgEwa7m3UcS7h9eNZg!2m2!1d10.3194672739409!2d-75.58074538036793!3f309.1416069840936!4f-13.056835793061552!5f0.7820865974627469\" width=\"600\" height=\"450\" frameborder=\"0\" style=\"border:0\" allowfullscreen><\/iframe>[\/et_pb_code][et_pb_text _builder_version=\u00bb3.23.3&#8243; header_font=\u00bb||||||||\u00bb header_text_align=\u00bbcenter\u00bb custom_margin=\u00bb||10px|||\u00bb]<\/p>\n<h1>Visita 3D Fuerte de San Fernando<\/h1>\n<p>[\/et_pb_text][et_pb_code _builder_version=\u00bb3.23.3&#8243;]<iframe loading=\"lazy\" src=\"https:\/\/www.google.com\/maps\/embed?pb=!4v1563223120861!6m8!1m7!1st0cu4P_CtDWag-V25ylZHQ!2m2!1d10.32911930631749!2d-75.58000694949406!3f207.46690883102576!4f-12.949583613165402!5f0.7820865974627469\" width=\"600\" height=\"450\" frameborder=\"0\" style=\"border:0\" allowfullscreen><\/iframe>[\/et_pb_code][\/et_pb_column][\/et_pb_row][\/et_pb_section]<\/p>\n","protected":false},"excerpt":{"rendered":"<p>MAPASMapa continental de la isla Mapa Demogr\u00e1fico Nomenclaturas Mapa Catastral de la isla Mapa Geogr\u00e1fico de la isla de Tierrabomba Visita 3D Bater\u00eda del \u00c1ngel San Rafael Visita 3D al Fuerte San FernandoVisita 3D Fuerte de San Fernando<\/p>\n","protected":false},"author":1,"featured_media":0,"parent":0,"menu_order":0,"comment_status":"closed","ping_status":"closed","template":"","meta":{"_et_pb_use_builder":"on","_et_pb_old_content":"","_et_gb_content_width":"","footnotes":""},"class_list":["post-502","page","type-page","status-publish","hentry"],"_links":{"self":[{"href":"https:\/\/isladetierrabomba.com\/n\/wp-json\/wp\/v2\/pages\/502"}],"collection":[{"href":"https:\/\/isladetierrabomba.com\/n\/wp-json\/wp\/v2\/pages"}],"about":[{"href":"https:\/\/isladetierrabomba.com\/n\/wp-json\/wp\/v2\/types\/page"}],"author":[{"embeddable":true,"href":"https:\/\/isladetierrabomba.com\/n\/wp-json\/wp\/v2\/users\/1"}],"replies":[{"embeddable":true,"href":"https:\/\/isladetierrabomba.com\/n\/wp-json\/wp\/v2\/comments?post=502"}],"version-history":[{"count":11,"href":"https:\/\/isladetierrabomba.com\/n\/wp-json\/wp\/v2\/pages\/502\/revisions"}],"predecessor-version":[{"id":1007,"href":"https:\/\/isladetierrabomba.com\/n\/wp-json\/wp\/v2\/pages\/502\/revisions\/1007"}],"wp:attachment":[{"href":"https:\/\/isladetierrabomba.com\/n\/wp-json\/wp\/v2\/media?parent=502"}],"curies":[{"name":"wp","href":"https:\/\/api.w.org\/{rel}","templated":true}]}}